{"id":11343,"date":"2017-05-31T13:14:15","date_gmt":"2017-05-31T12:14:15","guid":{"rendered":"https:\/\/www.traveltelling.net\/?page_id=11343\/"},"modified":"2020-03-26T08:24:10","modified_gmt":"2020-03-26T07:24:10","slug":"widerrufsbelehrung","status":"publish","type":"page","link":"https:\/\/www.traveltelling.net\/de\/widerrufsbelehrung\/","title":{"rendered":"Widerrufsbelehrung"},"content":{"rendered":"<h4 class=\"p1\"><strong>Widerrufsbelehrung:<\/strong><\/h4>\n<p class=\"p1\"><span class=\"s1\">Bei Vertr\u00e4gen \u00fcber die Lieferung von Daten-Downloads (nicht auf einem k\u00f6rperlichen Datentr\u00e4ger befindlichen digitalen Inhalten) steht dem Kunden, der Verbraucher ist, folgendes Widerrufsrecht zu:<\/span><\/p>\n<p class=\"p1\"><span class=\"s1\">Du hast das Recht, binnen vierzehn Tagen ohne Angabe von Gr\u00fcnden diesen Vertrag zu widerrufen. Die Widerrufsfrist betr\u00e4gt vierzehn Tage ab dem Tag des Vertragsabschlusses. Um dein Widerrufsrecht auszu\u00fcben, musst du uns mittels einer E-Mail \u00fcber deinen Entschluss, diesen Vertrag zu widerrufen, informieren. Nutze daf\u00fcr das unten beigef\u00fcgte Muster-Widerrufsformular<\/span><\/p>\n<hr \/>\n<h4 class=\"p1\"><span class=\"s1\"><b>Folgen des Widerrufs:<\/b><\/span><\/h4>\n<p class=\"p1\"><span class=\"s1\">Wenn du diesen Vertrag widerrufen m\u00f6chtest, haben wir dir alle Zahlungen, die wir von dir erhalten haben, unverz\u00fcglich und sp\u00e4testens binnen vierzehn Tagen ab dem Tag zur\u00fcckzuzahlen, an dem die Mitteilung \u00fcber deinen Widerruf dieses Vertrags bei uns eingegangen ist. F\u00fcr diese R\u00fcckzahlung verwenden wir dasselbe Zahlungsmittel, das du bei der urspr\u00fcnglichen Transaktion eingesetzt hast, es sei denn, mit dir wurde ausdr\u00fccklich etwas anderes vereinbart; in keinem Fall werden dir wegen dieser R\u00fcckzahlung Entgelte berechnet.<\/span><\/p>\n<hr \/>\n<h4 class=\"p1\"><span class=\"s1\"><b>Muster-Widerrufsformular:<\/b><\/span><\/h4>\n<p class=\"p1\"><span class=\"s1\">Wenn du den Vertrag widerrufen willst, dann f\u00fclle bitte dieses Formular aus und sende es an uns zur\u00fcck.\u00a0<\/span><\/p>\n<p class=\"p1\"><span class=\"s1\">An Matthias Derhake, Platz der Jugend 5, 19053 Schwerin<\/span><\/p>\n<p class=\"p1\"><span class=\"s1\">E-Mail: matthias.derhake (at)\u00a0gmail.com<\/span><\/p>\n<p class=\"p1\"><span class=\"s1\">Hiermit widerrufe ich den von mir abgeschlossenen Vertrag \u00fcber den Kauf der folgenden digitalen Waren.<\/span><\/p>\n<ul>\n<li class=\"p1\"><span class=\"s1\">Bestellt am:<\/span><\/li>\n<li class=\"p1\"><span class=\"s1\">Name des Kunden:<\/span><\/li>\n<li class=\"p1\"><span class=\"s1\">Bestellnummer:<\/span><\/li>\n<li class=\"p1\"><span class=\"s1\">Anschrift des Kunden:<\/span><\/li>\n<li class=\"p1\"><span class=\"s1\">Datum:<\/span><\/li>\n<\/ul>\n","protected":false},"excerpt":{"rendered":"<p> <a href=\"https:\/\/www.traveltelling.net\/de\/widerrufsbelehrung\/\"> Weiterlesen<\/a><\/p>\n","protected":false},"author":4,"featured_media":0,"parent":0,"menu_order":0,"comment_status":"closed","ping_status":"closed","template":"","meta":{"footnotes":""},"class_list":["post-11343","page","type-page","status-publish","hentry"],"yoast_head":"<!-- This site is optimized with the Yoast SEO plugin v27.5 - https:\/\/yoast.com\/product\/yoast-seo-wordpress\/ -->\n<title>Widerrufsbelehrung - TravelTelling<\/title>\n<meta name=\"robots\" content=\"index, follow, max-snippet:-1, max-image-preview:large, max-video-preview:-1\" \/>\n<link rel=\"canonical\" href=\"https:\/\/www.traveltelling.net\/de\/widerrufsbelehrung\/\" \/>\n<meta property=\"og:locale\" content=\"de_DE\" \/>\n<meta property=\"og:type\" content=\"article\" \/>\n<meta property=\"og:title\" content=\"Widerrufsbelehrung - TravelTelling\" \/>\n<meta property=\"og:description\" content=\"Weiterlesen\" \/>\n<meta property=\"og:url\" content=\"https:\/\/www.traveltelling.net\/de\/widerrufsbelehrung\/\" \/>\n<meta property=\"og:site_name\" content=\"TravelTelling\" \/>\n<meta property=\"article:publisher\" content=\"https:\/\/www.facebook.com\/traveltelling\" \/>\n<meta property=\"article:modified_time\" content=\"2020-03-26T07:24:10+00:00\" \/>\n<meta name=\"twitter:card\" content=\"summary_large_image\" \/>\n<meta name=\"twitter:site\" content=\"@traveltelling\" \/>\n<meta name=\"twitter:label1\" content=\"Gesch\u00e4tzte Lesezeit\" \/>\n\t<meta name=\"twitter:data1\" content=\"1\u00a0Minute\" \/>\n<script type=\"application\/ld+json\" class=\"yoast-schema-graph\">{\"@context\":\"https:\\\/\\\/schema.org\",\"@graph\":[{\"@type\":\"WebPage\",\"@id\":\"https:\\\/\\\/www.traveltelling.net\\\/de\\\/widerrufsbelehrung\\\/\",\"url\":\"https:\\\/\\\/www.traveltelling.net\\\/de\\\/widerrufsbelehrung\\\/\",\"name\":\"Widerrufsbelehrung - TravelTelling\",\"isPartOf\":{\"@id\":\"https:\\\/\\\/www.traveltelling.net\\\/de\\\/#website\"},\"datePublished\":\"2017-05-31T12:14:15+00:00\",\"dateModified\":\"2020-03-26T07:24:10+00:00\",\"breadcrumb\":{\"@id\":\"https:\\\/\\\/www.traveltelling.net\\\/de\\\/widerrufsbelehrung\\\/#breadcrumb\"},\"inLanguage\":\"de\",\"potentialAction\":[{\"@type\":\"ReadAction\",\"target\":[\"https:\\\/\\\/www.traveltelling.net\\\/de\\\/widerrufsbelehrung\\\/\"]}]},{\"@type\":\"BreadcrumbList\",\"@id\":\"https:\\\/\\\/www.traveltelling.net\\\/de\\\/widerrufsbelehrung\\\/#breadcrumb\",\"itemListElement\":[{\"@type\":\"ListItem\",\"position\":1,\"name\":\"Startseite\",\"item\":\"https:\\\/\\\/www.traveltelling.net\\\/de\\\/\"},{\"@type\":\"ListItem\",\"position\":2,\"name\":\"Widerrufsbelehrung\"}]},{\"@type\":\"WebSite\",\"@id\":\"https:\\\/\\\/www.traveltelling.net\\\/de\\\/#website\",\"url\":\"https:\\\/\\\/www.traveltelling.net\\\/de\\\/\",\"name\":\"TravelTelling\",\"description\":\"Reiseberichte | Abenteuer | SlowTravel\",\"potentialAction\":[{\"@type\":\"SearchAction\",\"target\":{\"@type\":\"EntryPoint\",\"urlTemplate\":\"https:\\\/\\\/www.traveltelling.net\\\/de\\\/?s={search_term_string}\"},\"query-input\":{\"@type\":\"PropertyValueSpecification\",\"valueRequired\":true,\"valueName\":\"search_term_string\"}}],\"inLanguage\":\"de\"}]}<\/script>\n<!-- \/ Yoast SEO plugin. -->","yoast_head_json":{"title":"Widerrufsbelehrung - TravelTelling","robots":{"index":"index","follow":"follow","max-snippet":"max-snippet:-1","max-image-preview":"max-image-preview:large","max-video-preview":"max-video-preview:-1"},"canonical":"https:\/\/www.traveltelling.net\/de\/widerrufsbelehrung\/","og_locale":"de_DE","og_type":"article","og_title":"Widerrufsbelehrung - TravelTelling","og_description":"Weiterlesen","og_url":"https:\/\/www.traveltelling.net\/de\/widerrufsbelehrung\/","og_site_name":"TravelTelling","article_publisher":"https:\/\/www.facebook.com\/traveltelling","article_modified_time":"2020-03-26T07:24:10+00:00","twitter_card":"summary_large_image","twitter_site":"@traveltelling","twitter_misc":{"Gesch\u00e4tzte Lesezeit":"1\u00a0Minute"},"schema":{"@context":"https:\/\/schema.org","@graph":[{"@type":"WebPage","@id":"https:\/\/www.traveltelling.net\/de\/widerrufsbelehrung\/","url":"https:\/\/www.traveltelling.net\/de\/widerrufsbelehrung\/","name":"Widerrufsbelehrung - TravelTelling","isPartOf":{"@id":"https:\/\/www.traveltelling.net\/de\/#website"},"datePublished":"2017-05-31T12:14:15+00:00","dateModified":"2020-03-26T07:24:10+00:00","breadcrumb":{"@id":"https:\/\/www.traveltelling.net\/de\/widerrufsbelehrung\/#breadcrumb"},"inLanguage":"de","potentialAction":[{"@type":"ReadAction","target":["https:\/\/www.traveltelling.net\/de\/widerrufsbelehrung\/"]}]},{"@type":"BreadcrumbList","@id":"https:\/\/www.traveltelling.net\/de\/widerrufsbelehrung\/#breadcrumb","itemListElement":[{"@type":"ListItem","position":1,"name":"Startseite","item":"https:\/\/www.traveltelling.net\/de\/"},{"@type":"ListItem","position":2,"name":"Widerrufsbelehrung"}]},{"@type":"WebSite","@id":"https:\/\/www.traveltelling.net\/de\/#website","url":"https:\/\/www.traveltelling.net\/de\/","name":"TravelTelling","description":"Reiseberichte | Abenteuer | SlowTravel","potentialAction":[{"@type":"SearchAction","target":{"@type":"EntryPoint","urlTemplate":"https:\/\/www.traveltelling.net\/de\/?s={search_term_string}"},"query-input":{"@type":"PropertyValueSpecification","valueRequired":true,"valueName":"search_term_string"}}],"inLanguage":"de"}]}},"_links":{"self":[{"href":"https:\/\/www.traveltelling.net\/de\/wp-json\/wp\/v2\/pages\/11343","targetHints":{"allow":["GET"]}}],"collection":[{"href":"https:\/\/www.traveltelling.net\/de\/wp-json\/wp\/v2\/pages"}],"about":[{"href":"https:\/\/www.traveltelling.net\/de\/wp-json\/wp\/v2\/types\/page"}],"author":[{"embeddable":true,"href":"https:\/\/www.traveltelling.net\/de\/wp-json\/wp\/v2\/users\/4"}],"replies":[{"embeddable":true,"href":"https:\/\/www.traveltelling.net\/de\/wp-json\/wp\/v2\/comments?post=11343"}],"version-history":[{"count":0,"href":"https:\/\/www.traveltelling.net\/de\/wp-json\/wp\/v2\/pages\/11343\/revisions"}],"wp:attachment":[{"href":"https:\/\/www.traveltelling.net\/de\/wp-json\/wp\/v2\/media?parent=11343"}],"curies":[{"name":"wp","href":"https:\/\/api.w.org\/{rel}","templated":true}]}}