{"id":2429,"date":"2015-02-28T23:23:37","date_gmt":"2015-02-28T22:23:37","guid":{"rendered":"https:\/\/www.traveltelling.net\/?page_id=2429"},"modified":"2023-09-23T07:19:59","modified_gmt":"2023-09-23T06:19:59","slug":"ueber","status":"publish","type":"page","link":"https:\/\/www.traveltelling.net\/de\/ueber\/","title":{"rendered":"\u00dcber mich"},"content":{"rendered":"<div class=\"fusion-fullwidth fullwidth-box fusion-builder-row-1 nonhundred-percent-fullwidth non-hundred-percent-height-scrolling\" style=\"--awb-border-radius-top-left:0px;--awb-border-radius-top-right:0px;--awb-border-radius-bottom-right:0px;--awb-border-radius-bottom-left:0px;--awb-flex-wrap:wrap;\" ><div class=\"fusion-builder-row fusion-row\"><div class=\"fusion-layout-column fusion_builder_column fusion-builder-column-0 fusion_builder_column_1_1 1_1 fusion-one-full fusion-column-first fusion-column-last\" style=\"--awb-bg-size:cover;--awb-margin-bottom:0px;\"><div class=\"fusion-column-wrapper fusion-flex-column-wrapper-legacy\"><div class=\"fusion-title title fusion-title-1 fusion-title-center fusion-title-text fusion-title-size-one\"><div class=\"title-sep-container title-sep-container-left\"><div class=\"title-sep sep-double sep-solid\" style=\"border-color:#e2e2e2;\"><\/div><\/div><span class=\"awb-title-spacer\"><\/span><h1 class=\"fusion-title-heading title-heading-center\" style=\"margin:0;\">\u00dcber mich &amp; den Blog<\/h1><span class=\"awb-title-spacer\"><\/span><div class=\"title-sep-container title-sep-container-right\"><div class=\"title-sep sep-double sep-solid\" style=\"border-color:#e2e2e2;\"><\/div><\/div><\/div><div class=\"fusion-text fusion-text-1\"><h2 style=\"text-align: left;\"><strong>Zdravo!<\/strong><\/h2>\n<p style=\"text-align: left;\">So begr\u00fc\u00dft man sich in meinem Lieblingsland. In Serbien. Der Gedanke dort irgendwann nochmal ein paar Jahre zu verbringen, ist bis heute, f\u00fcnf Jahre nachdem ich das Land mit dem <a href=\"https:\/\/www.traveltelling.net\/de\/e-book-radfahren-radreise-suedosteuropa-donauradweg-eurovelo-6\/\">Fahrrad bereist habe<\/a>, geblieben.<\/p>\n<p style=\"text-align: left;\">Ich bin Matthias. Meine Freunde beschreiben mich als einen positiv und enthusiastischen, aber ebenso tiefgr\u00fcndigen Menschen, den man gerne um sich hat und der immer f\u00fcr einen Spa\u00df zu haben ist.<\/p>\n<p style=\"text-align: left;\">Nach einer sehr intensiven und sinnerf\u00fcllten Zeit in <a href=\"https:\/\/www.traveltelling.net\/de\/australien-segeln\/\">Australien<\/a>, hat es mich f\u00fcr meinen Bachelor und Master in Tourism Destination Management in die <a href=\"https:\/\/www.traveltelling.net\/de\/category\/niederlande-holland\/\">Niederlande<\/a> gezogen. Danach kamen noch ein paar studien-bedingte Auslandsaufenthalte in Slowenien, <a href=\"https:\/\/www.traveltelling.net\/de\/category\/schweden\/\">Schweden<\/a>, <a href=\"https:\/\/www.traveltelling.net\/de\/chiang-mai-thailand-reise-bericht-sehenswuerdigkeiten-tipps\/\">Chiang Mai<\/a>, Sydney und <a href=\"https:\/\/www.traveltelling.net\/de\/indonesien-bali-reisegeschichten-tipps-ausfluege\/\">Bali<\/a> und danach die ersten festen Jobs in <a href=\"https:\/\/www.traveltelling.net\/de\/category\/irland\/\">Dublin<\/a> und <a href=\"https:\/\/www.traveltelling.net\/de\/category\/muenchen\/\">M\u00fcnchen<\/a>. Nach einigen Jahren im 9 to 5 B\u00fcro- und Big City-Alltag wuchs in mir das Bed\u00fcrfnis, f\u00fcr eine Zeit mal komplett frei von materialistischen Dingen, Verpflichtungen und Vertr\u00e4gen leben zu wollen. Dazu habe ich Wohnung, Auto sowie Hab und Gut verkauft und die drei \u00fcbrig geblieben Umzugskartons bei meinen Eltern eingelagert.<\/p>\n<p style=\"text-align: left;\">Es war an der Zeit loszuziehen, um die Welt zu erkunden, mich selbst sowie fremde Menschen, Denkweisen und Lebensmodelle kennenzulernen. Und nebenbei meiner ortsunabh\u00e4ngigen und freiberuflichen Online T\u00e4tigkeit nachzugehen und vor allem entschleunigt unterwegs zu sein.<\/p>\n<p style=\"text-align: left;\">Geplant war maximal ein Jahr. Knapp drei Jahre sp\u00e4ter war ich fertig und dieses Lebenskapitel beendet. Die wohl beste Zeit meines Lebens.<\/p>\n<p style=\"text-align: left;\">Mein Fernweh war ges\u00e4ttigt und ich war bereit, mich wieder niederzulassen, einen routinierten Alltag zu haben und all die Vorteile zu genie\u00dfen, die eine solche Homebase mit sich bringt. Durch Zufall bin ich Ende 2017 in der wundersch\u00f6nen Sieben Seen Stadt <a href=\"https:\/\/www.traveltelling.net\/de\/kurzurlaub-schwerin-tipps-sehenswuerdigkeiten\/\">Schwerin<\/a> gelandet.<\/p>\n<p style=\"text-align: left;\">Reisen tue ich immer noch gerne! Am h\u00e4ufigsten in <a href=\"https:\/\/www.traveltelling.net\/de\/osteuropa\/\">Osteuropa<\/a> und im ehemaligen Jugoslawien sowie meiner neuen Heimat Mecklenburg-Vorpommern. \u00dcber eine der sch\u00f6nsten Reisen dieser Zeit, einer 2.500km langen Radreise von Deutschland nach Rum\u00e4nien ist sogar <a href=\"https:\/\/www.traveltelling.net\/de\/e-book-radfahren-radreise-suedosteuropa-donauradweg-eurovelo-6\/\">ein Buch<\/a> entstanden.<\/p>\n<\/div><div class=\"fusion-image-element fusion-image-align-center in-legacy-container\" style=\"text-align:center;--awb-max-width:350px;--awb-caption-title-font-family:var(--h2_typography-font-family);--awb-caption-title-font-weight:var(--h2_typography-font-weight);--awb-caption-title-font-style:var(--h2_typography-font-style);--awb-caption-title-size:var(--h2_typography-font-size);--awb-caption-title-transform:var(--h2_typography-text-transform);--awb-caption-title-line-height:var(--h2_typography-line-height);--awb-caption-title-letter-spacing:var(--h2_typography-letter-spacing);\"><div class=\"imageframe-align-center\"><span class=\" fusion-imageframe imageframe-none imageframe-1 hover-type-none fusion-animated\" data-animationType=\"fadeInLeft\" data-animationDuration=\"0.3\" data-animationOffset=\"top-into-view\"><img decoding=\"async\" width=\"1000\" height=\"1000\" title=\"Matthias Derhake\" src=\"https:\/\/www.traveltelling.net\/wp-content\/uploads\/2023\/09\/Matthias-Derhake.png\" data-orig-src=\"https:\/\/www.traveltelling.net\/wp-content\/uploads\/2023\/09\/Matthias-Derhake.png\" alt class=\"lazyload img-responsive wp-image-20251\" srcset=\"data:image\/svg+xml,%3Csvg%20xmlns%3D%27http%3A%2F%2Fwww.w3.org%2F2000%2Fsvg%27%20width%3D%271000%27%20height%3D%271000%27%20viewBox%3D%270%200%201000%201000%27%3E%3Crect%20width%3D%271000%27%20height%3D%271000%27%20fill-opacity%3D%220%22%2F%3E%3C%2Fsvg%3E\" data-srcset=\"https:\/\/www.traveltelling.net\/wp-content\/uploads\/2023\/09\/Matthias-Derhake-200x200.png 200w, https:\/\/www.traveltelling.net\/wp-content\/uploads\/2023\/09\/Matthias-Derhake-400x400.png 400w, https:\/\/www.traveltelling.net\/wp-content\/uploads\/2023\/09\/Matthias-Derhake-600x600.png 600w, https:\/\/www.traveltelling.net\/wp-content\/uploads\/2023\/09\/Matthias-Derhake-800x800.png 800w, https:\/\/www.traveltelling.net\/wp-content\/uploads\/2023\/09\/Matthias-Derhake.png 1000w\" data-sizes=\"auto\" data-orig-sizes=\"(max-width: 800px) 100vw, 1000px\" \/><\/span><\/div><\/div><div class=\"fusion-text fusion-text-2\"><h2 style=\"text-align: left;\"><strong>\u00dcber den Blog<\/strong><\/h2>\n<p style=\"text-align: left;\">Auf diesem Blog berichte ich \u00fcber das was mir so auf meinem Reisen passiert, gut wie schlecht. Dar\u00fcber hinaus findest du Tipps und Inspirationen zu Aktiv- und Genussreisen fernab der Massentourismuspfade. Sprich Abenteuern aber mit Entschleunigungstouch. Au\u00dferdem stelle ich nachhaltige Tourismuskonzepte vor, halte Interviews und berichte \u00fcber eines meiner Lieblingsthemen, dem &#8222;Reisen mit dem Fahrrad&#8220;.<\/p>\n<p style=\"text-align: left;\">Falls du Abenteuer und Slow Traveling ebenso liebst wie ich, bin ich mir sicher, dass dich dieser Reise-Blog f\u00fcr deine zuk\u00fcnftigen Trips mit wertvollen Tipps versorgt und dich fremde Orte und Menschen in einem neuen Licht sehen lassen wird.<em style=\"text-align: center;\">\u201c<\/em><\/p>\n<p style=\"text-align: left;\"><em style=\"text-align: center;\">There are no foreign lands. It is the traveler only who is foreign.\u201d \u2015\u00a0<span class=\"authorOrTitle\">Robert Louis Stevenson<\/span><\/em><\/p>\n<p style=\"text-align: left;\">Enjoy TravelTelling!<\/p>\n<p style=\"text-align: left;\"><em>Dein Matthias\u00a0<\/em><\/p>\n<\/div><div class=\"fusion-text fusion-text-3\"><p style=\"text-align: center;\">P.S.: Hier findest du meine Reisekarte<\/p>\n<\/div><div class=\"fusion-text fusion-text-4\"><p><iframe src=\"https:\/\/www.google.com\/maps\/d\/u\/0\/embed?mid=1mcQcCObTce7HsH01UBkLgj-JDsU\" width=\"1200\" height=\"600\"><\/iframe><\/p>\n<\/div><div class=\"fusion-clearfix\"><\/div><\/div><\/div><\/div><\/div>\n","protected":false},"excerpt":{"rendered":"","protected":false},"author":4,"featured_media":0,"parent":0,"menu_order":0,"comment_status":"closed","ping_status":"closed","template":"","meta":{"footnotes":""},"class_list":["post-2429","page","type-page","status-publish","hentry"],"yoast_head":"<!-- This site is optimized with the Yoast SEO plugin v27.0 - https:\/\/yoast.com\/product\/yoast-seo-wordpress\/ -->\n<title>\u00dcber den Autor des Reiseblogs TravelTelling - Matthias Derhake<\/title>\n<meta name=\"description\" content=\"Portrait \u00fcber Matthias Derhake, Autor des Reiseblogs TravelTelling. Inspiration und Tipps zum Thema Slow Travel Abenteuer fernab der Massentourismuspfade.\" \/>\n<meta name=\"robots\" content=\"index, follow, max-snippet:-1, max-image-preview:large, max-video-preview:-1\" \/>\n<link rel=\"canonical\" href=\"https:\/\/www.traveltelling.net\/de\/ueber\/\" \/>\n<meta property=\"og:locale\" content=\"de_DE\" \/>\n<meta property=\"og:type\" content=\"article\" \/>\n<meta property=\"og:title\" content=\"\u00dcber den Autor des Reiseblogs TravelTelling - Matthias Derhake\" \/>\n<meta property=\"og:description\" content=\"Portrait \u00fcber Matthias Derhake, Autor des Reiseblogs TravelTelling. Inspiration und Tipps zum Thema Slow Travel Abenteuer fernab der Massentourismuspfade.\" \/>\n<meta property=\"og:url\" content=\"https:\/\/www.traveltelling.net\/de\/ueber\/\" \/>\n<meta property=\"og:site_name\" content=\"TravelTelling\" \/>\n<meta property=\"article:publisher\" content=\"https:\/\/www.facebook.com\/traveltelling\" \/>\n<meta property=\"article:modified_time\" content=\"2023-09-23T06:19:59+00:00\" \/>\n<meta name=\"twitter:card\" content=\"summary_large_image\" \/>\n<meta name=\"twitter:site\" content=\"@traveltelling\" \/>\n<meta name=\"twitter:label1\" content=\"Gesch\u00e4tzte Lesezeit\" \/>\n\t<meta name=\"twitter:data1\" content=\"5\u00a0Minuten\" \/>\n<script type=\"application\/ld+json\" class=\"yoast-schema-graph\">{\"@context\":\"https:\/\/schema.org\",\"@graph\":[{\"@type\":\"WebPage\",\"@id\":\"https:\/\/www.traveltelling.net\/de\/ueber\/\",\"url\":\"https:\/\/www.traveltelling.net\/de\/ueber\/\",\"name\":\"\u00dcber den Autor des Reiseblogs TravelTelling - Matthias Derhake\",\"isPartOf\":{\"@id\":\"https:\/\/www.traveltelling.net\/de\/#website\"},\"datePublished\":\"2015-02-28T22:23:37+00:00\",\"dateModified\":\"2023-09-23T06:19:59+00:00\",\"description\":\"Portrait \u00fcber Matthias Derhake, Autor des Reiseblogs TravelTelling. Inspiration und Tipps zum Thema Slow Travel Abenteuer fernab der Massentourismuspfade.\",\"breadcrumb\":{\"@id\":\"https:\/\/www.traveltelling.net\/de\/ueber\/#breadcrumb\"},\"inLanguage\":\"de\",\"potentialAction\":[{\"@type\":\"ReadAction\",\"target\":[\"https:\/\/www.traveltelling.net\/de\/ueber\/\"]}]},{\"@type\":\"BreadcrumbList\",\"@id\":\"https:\/\/www.traveltelling.net\/de\/ueber\/#breadcrumb\",\"itemListElement\":[{\"@type\":\"ListItem\",\"position\":1,\"name\":\"Startseite\",\"item\":\"https:\/\/www.traveltelling.net\/de\/\"},{\"@type\":\"ListItem\",\"position\":2,\"name\":\"\u00dcber mich\"}]},{\"@type\":\"WebSite\",\"@id\":\"https:\/\/www.traveltelling.net\/de\/#website\",\"url\":\"https:\/\/www.traveltelling.net\/de\/\",\"name\":\"TravelTelling\",\"description\":\"Reiseberichte | Abenteuer | SlowTravel\",\"potentialAction\":[{\"@type\":\"SearchAction\",\"target\":{\"@type\":\"EntryPoint\",\"urlTemplate\":\"https:\/\/www.traveltelling.net\/de\/?s={search_term_string}\"},\"query-input\":{\"@type\":\"PropertyValueSpecification\",\"valueRequired\":true,\"valueName\":\"search_term_string\"}}],\"inLanguage\":\"de\"}]}<\/script>\n<!-- \/ Yoast SEO plugin. -->","yoast_head_json":{"title":"\u00dcber den Autor des Reiseblogs TravelTelling - Matthias Derhake","description":"Portrait \u00fcber Matthias Derhake, Autor des Reiseblogs TravelTelling. Inspiration und Tipps zum Thema Slow Travel Abenteuer fernab der Massentourismuspfade.","robots":{"index":"index","follow":"follow","max-snippet":"max-snippet:-1","max-image-preview":"max-image-preview:large","max-video-preview":"max-video-preview:-1"},"canonical":"https:\/\/www.traveltelling.net\/de\/ueber\/","og_locale":"de_DE","og_type":"article","og_title":"\u00dcber den Autor des Reiseblogs TravelTelling - Matthias Derhake","og_description":"Portrait \u00fcber Matthias Derhake, Autor des Reiseblogs TravelTelling. Inspiration und Tipps zum Thema Slow Travel Abenteuer fernab der Massentourismuspfade.","og_url":"https:\/\/www.traveltelling.net\/de\/ueber\/","og_site_name":"TravelTelling","article_publisher":"https:\/\/www.facebook.com\/traveltelling","article_modified_time":"2023-09-23T06:19:59+00:00","twitter_card":"summary_large_image","twitter_site":"@traveltelling","twitter_misc":{"Gesch\u00e4tzte Lesezeit":"5\u00a0Minuten"},"schema":{"@context":"https:\/\/schema.org","@graph":[{"@type":"WebPage","@id":"https:\/\/www.traveltelling.net\/de\/ueber\/","url":"https:\/\/www.traveltelling.net\/de\/ueber\/","name":"\u00dcber den Autor des Reiseblogs TravelTelling - Matthias Derhake","isPartOf":{"@id":"https:\/\/www.traveltelling.net\/de\/#website"},"datePublished":"2015-02-28T22:23:37+00:00","dateModified":"2023-09-23T06:19:59+00:00","description":"Portrait \u00fcber Matthias Derhake, Autor des Reiseblogs TravelTelling. Inspiration und Tipps zum Thema Slow Travel Abenteuer fernab der Massentourismuspfade.","breadcrumb":{"@id":"https:\/\/www.traveltelling.net\/de\/ueber\/#breadcrumb"},"inLanguage":"de","potentialAction":[{"@type":"ReadAction","target":["https:\/\/www.traveltelling.net\/de\/ueber\/"]}]},{"@type":"BreadcrumbList","@id":"https:\/\/www.traveltelling.net\/de\/ueber\/#breadcrumb","itemListElement":[{"@type":"ListItem","position":1,"name":"Startseite","item":"https:\/\/www.traveltelling.net\/de\/"},{"@type":"ListItem","position":2,"name":"\u00dcber mich"}]},{"@type":"WebSite","@id":"https:\/\/www.traveltelling.net\/de\/#website","url":"https:\/\/www.traveltelling.net\/de\/","name":"TravelTelling","description":"Reiseberichte | Abenteuer | SlowTravel","potentialAction":[{"@type":"SearchAction","target":{"@type":"EntryPoint","urlTemplate":"https:\/\/www.traveltelling.net\/de\/?s={search_term_string}"},"query-input":{"@type":"PropertyValueSpecification","valueRequired":true,"valueName":"search_term_string"}}],"inLanguage":"de"}]}},"_links":{"self":[{"href":"https:\/\/www.traveltelling.net\/de\/wp-json\/wp\/v2\/pages\/2429","targetHints":{"allow":["GET"]}}],"collection":[{"href":"https:\/\/www.traveltelling.net\/de\/wp-json\/wp\/v2\/pages"}],"about":[{"href":"https:\/\/www.traveltelling.net\/de\/wp-json\/wp\/v2\/types\/page"}],"author":[{"embeddable":true,"href":"https:\/\/www.traveltelling.net\/de\/wp-json\/wp\/v2\/users\/4"}],"replies":[{"embeddable":true,"href":"https:\/\/www.traveltelling.net\/de\/wp-json\/wp\/v2\/comments?post=2429"}],"version-history":[{"count":0,"href":"https:\/\/www.traveltelling.net\/de\/wp-json\/wp\/v2\/pages\/2429\/revisions"}],"wp:attachment":[{"href":"https:\/\/www.traveltelling.net\/de\/wp-json\/wp\/v2\/media?parent=2429"}],"curies":[{"name":"wp","href":"https:\/\/api.w.org\/{rel}","templated":true}]}}