{"id":3661,"date":"2015-07-27T08:05:27","date_gmt":"2015-07-27T07:05:27","guid":{"rendered":"https:\/\/www.traveltelling.net\/?page_id=3661"},"modified":"2025-08-13T10:58:08","modified_gmt":"2025-08-13T09:58:08","slug":"kooperation","status":"publish","type":"page","link":"https:\/\/www.traveltelling.net\/de\/kooperation\/","title":{"rendered":"Arbeite mit mir"},"content":{"rendered":"<p><div class=\"fusion-fullwidth fullwidth-box fusion-builder-row-1 nonhundred-percent-fullwidth non-hundred-percent-height-scrolling\" style=\"--awb-border-radius-top-left:0px;--awb-border-radius-top-right:0px;--awb-border-radius-bottom-right:0px;--awb-border-radius-bottom-left:0px;--awb-flex-wrap:wrap;\" ><div class=\"fusion-builder-row fusion-row\"><div class=\"fusion-layout-column fusion_builder_column fusion-builder-column-0 fusion_builder_column_1_1 1_1 fusion-one-full fusion-column-first fusion-column-last\" style=\"--awb-bg-size:cover;\"><div class=\"fusion-column-wrapper fusion-column-has-shadow fusion-flex-column-wrapper-legacy\"><div class=\"fusion-title title fusion-title-1 fusion-title-center fusion-title-text fusion-title-size-one\" style=\"--awb-text-color:#393536;\"><div class=\"title-sep-container title-sep-container-left\"><div class=\"title-sep sep-double sep-solid\" style=\"border-color:#e2e2e2;\"><\/div><\/div><span class=\"awb-title-spacer\"><\/span><h1 class=\"fusion-title-heading title-heading-center\" style=\"margin:0;\">Arbeite mit mir<\/h1><span class=\"awb-title-spacer\"><\/span><div class=\"title-sep-container title-sep-container-right\"><div class=\"title-sep sep-double sep-solid\" style=\"border-color:#e2e2e2;\"><\/div><\/div><\/div><div class=\"fusion-text fusion-text-1\" style=\"--awb-text-transform:none;\"><p>Sch\u00f6n, dass du\u00a0Interesse hast, mit mir zu arbeiten! Als Blogger arbeite ich transparent und professionell. Durch meine langj\u00e4hrige Arbeit in der Tourismusbranche sowie auch als Reise-Blogger, bin ich gut vernetzt und kenne die Bed\u00fcrfnisse beider Seiten.<\/p>\n<h2><strong>Mein Hintergrund<\/strong><\/h2>\n<p>Angefangen habe ich 2005 im Reiseb\u00fcro. Danach hat es mich an die Universit\u00e4ten in Leeuwarden und Breda in den Niederlanden gezogen, wo ich meinen Bachelor und Master im International Tourism Destination Management gemacht habe. Seit nun mehr als 15 Jahren bin ich mittlerweile in der Reise- und Tourismusindustrie t\u00e4tig und habe in Online-Marketingabteilungen kleiner und gro\u00dfer internationaler Reiseveranstalter und Reisevermittler im In- und Ausland gearbeitet. Zus\u00e4tzlich habe ich \u00fcber 750 Orte in 42 L\u00e4ndern bereist, und in sechs von ihnen gelebt. 2015 habe ich mich als Reiseblogger und im Bereich Content Marketing selbstst\u00e4ndig gemacht und berichte auf TravelTelling \u00fcber die folgenden Themen:<\/p>\n<ul>\n<li><strong>Reisen fernab des Massentourismus<\/strong><\/li>\n<li><strong>Aktiv-, Genuss- und Abenteuerreisen<\/strong><\/li>\n<li><strong>Nachhaltiger Tourismus und (verantwortungs-)bewusstes Reisen<\/strong><\/li>\n<\/ul>\n<\/div><div class=\"fusion-clearfix\"><\/div><\/div><\/div><\/div><\/div><div class=\"fusion-fullwidth fullwidth-box fusion-builder-row-2 nonhundred-percent-fullwidth non-hundred-percent-height-scrolling\" style=\"--awb-border-radius-top-left:0px;--awb-border-radius-top-right:0px;--awb-border-radius-bottom-right:0px;--awb-border-radius-bottom-left:0px;--awb-flex-wrap:wrap;\" ><div class=\"fusion-builder-row fusion-row\"><div class=\"fusion-layout-column fusion_builder_column fusion-builder-column-1 fusion_builder_column_1_1 1_1 fusion-one-full fusion-column-first fusion-column-last\" style=\"--awb-bg-size:cover;\"><div class=\"fusion-column-wrapper fusion-column-has-shadow fusion-flex-column-wrapper-legacy\"><div class=\"fusion-title title fusion-title-2 fusion-title-center fusion-title-text fusion-title-size-one\" style=\"--awb-text-color:#393536;\"><div class=\"title-sep-container title-sep-container-left\"><div class=\"title-sep sep-double sep-solid\" style=\"border-color:#e2e2e2;\"><\/div><\/div><span class=\"awb-title-spacer\"><\/span><h1 class=\"fusion-title-heading title-heading-center\" style=\"margin:0;\">Featured in<\/h1><span class=\"awb-title-spacer\"><\/span><div class=\"title-sep-container title-sep-container-right\"><div class=\"title-sep sep-double sep-solid\" style=\"border-color:#e2e2e2;\"><\/div><\/div><\/div><div class=\"fusion-text fusion-text-2\"><p><strong>Matador Network:<\/strong>\u00a0<a href=\"http:\/\/matadornetwork.com\/trips\/25-travel-bloggers-killing-instagram\/\" target=\"_blank\" rel=\"noopener noreferrer\">25 Travel Bloggers Killing It On Instagram\u00a0<\/a><\/p>\n<p><strong>Huffington Post:<\/strong>\u00a0<a href=\"http:\/\/www.huffingtonpost.com\/anita-hendrieka\/30-travel-bloggers-that-a_b_9464114.html\" target=\"_blank\" rel=\"noopener noreferrer\">30 Travel Bloggers That Absolutely Love Kerala<\/a><\/p>\n<p><strong>PhotoGraphyTalk:<\/strong>\u00a0<a href=\"https:\/\/www.photographytalk.com\/photography-articles\/7240-32-travel-photographers-you-need-to-check-out\" target=\"_blank\" rel=\"nofollow noopener noreferrer\">32 Travel Photographers You Need to Check Out<\/a><\/p>\n<p><strong>Breda University Blog:<\/strong> Alumni made himself a name in the international blogger scene<\/p>\n<p><strong>Business Standard:<\/strong>\u00a0<a href=\"http:\/\/www.business-standard.com\/article\/news-ians\/30-bloggers-from-25-nations-travelling-on-kerala-blog-express-116021500907_1.html\" target=\"_blank\" rel=\"noopener noreferrer\">30 Bloggers From 25 Nations Travel to India\u00a0<\/a><\/p>\n<p><strong>Ibbenb\u00fcrener Volkszeitung:<\/strong>\u00a0\u201e<a href=\"http:\/\/www.ivz-aktuell.de\/lokales\/ibbenbueren_artikel,-%E2%80%9EReiseblogger-ist-ein-Knochenjob%E2%80%9C-_arid,579751.html\" target=\"_blank\" rel=\"noopener noreferrer\">Reiseblogger ist ein Knochenjob<\/a>\u201c<\/p>\n<p><strong>Travel Massive Munich:\u00a0<\/strong>\u201cInternational Travel Destinations in Crisis \u2013 Can Germany benefit from the current Political Instability?\u201c<\/p>\n<p><strong>Interview Regiondo Pro:<\/strong>\u00a0\u201e<a href=\"http:\/\/pro.regiondo.com\/influencer-marketing-in-the-leisure-and-travel-industry-interview-with-travel-blogger-matthias-derhake\/\" target=\"_blank\" rel=\"nofollow noopener noreferrer\">Influencer Marketing in der Freizeit- und Tourismusbranche<\/a>\u201c<\/p>\n<p><strong>Bericht im WDR:<\/strong>\u00a0\u201eLokalzeit goes Global\u201e (Video-Link abgelaufen)<\/p>\n<\/div><div class=\"fusion-clearfix\"><\/div><\/div><\/div><\/div><\/div><div class=\"fusion-fullwidth fullwidth-box fusion-builder-row-3 nonhundred-percent-fullwidth non-hundred-percent-height-scrolling\" style=\"--awb-border-radius-top-left:0px;--awb-border-radius-top-right:0px;--awb-border-radius-bottom-right:0px;--awb-border-radius-bottom-left:0px;--awb-flex-wrap:wrap;\" ><div class=\"fusion-builder-row fusion-row\"><div class=\"fusion-layout-column fusion_builder_column fusion-builder-column-2 fusion_builder_column_1_1 1_1 fusion-one-full fusion-column-first fusion-column-last\" style=\"--awb-bg-size:cover;\"><div class=\"fusion-column-wrapper fusion-column-has-shadow fusion-flex-column-wrapper-legacy\"><div class=\"fusion-title title fusion-title-3 fusion-title-center fusion-title-text fusion-title-size-one\" style=\"--awb-text-color:#393536;\"><div class=\"title-sep-container title-sep-container-left\"><div class=\"title-sep sep-double sep-solid\" style=\"border-color:#e2e2e2;\"><\/div><\/div><span class=\"awb-title-spacer\"><\/span><h1 class=\"fusion-title-heading title-heading-center\" style=\"margin:0;\">Partner<\/h1><span class=\"awb-title-spacer\"><\/span><div class=\"title-sep-container title-sep-container-right\"><div class=\"title-sep sep-double sep-solid\" style=\"border-color:#e2e2e2;\"><\/div><\/div><\/div><div class=\"fusion-image-element fusion-image-align-center in-legacy-container\" style=\"text-align:center;--awb-caption-title-font-family:var(--h2_typography-font-family);--awb-caption-title-font-weight:var(--h2_typography-font-weight);--awb-caption-title-font-style:var(--h2_typography-font-style);--awb-caption-title-size:var(--h2_typography-font-size);--awb-caption-title-transform:var(--h2_typography-text-transform);--awb-caption-title-line-height:var(--h2_typography-line-height);--awb-caption-title-letter-spacing:var(--h2_typography-letter-spacing);\"><div class=\"imageframe-align-center\"><span class=\" fusion-imageframe imageframe-none imageframe-1 hover-type-zoomin\"><img decoding=\"async\" width=\"999\" height=\"537\" alt=\"Partner\" title=\"Partner\" src=\"https:\/\/www.traveltelling.net\/wp-content\/uploads\/2019\/02\/partner.png\" data-orig-src=\"https:\/\/www.traveltelling.net\/wp-content\/uploads\/2019\/02\/partner.png\" class=\"lazyload img-responsive wp-image-14585\" srcset=\"data:image\/svg+xml,%3Csvg%20xmlns%3D%27http%3A%2F%2Fwww.w3.org%2F2000%2Fsvg%27%20width%3D%27999%27%20height%3D%27537%27%20viewBox%3D%270%200%20999%20537%27%3E%3Crect%20width%3D%27999%27%20height%3D%27537%27%20fill-opacity%3D%220%22%2F%3E%3C%2Fsvg%3E\" data-srcset=\"https:\/\/www.traveltelling.net\/wp-content\/uploads\/2019\/02\/partner-200x108.png 200w, https:\/\/www.traveltelling.net\/wp-content\/uploads\/2019\/02\/partner-400x215.png 400w, https:\/\/www.traveltelling.net\/wp-content\/uploads\/2019\/02\/partner-600x323.png 600w, https:\/\/www.traveltelling.net\/wp-content\/uploads\/2019\/02\/partner-800x430.png 800w, https:\/\/www.traveltelling.net\/wp-content\/uploads\/2019\/02\/partner.png 999w\" data-sizes=\"auto\" data-orig-sizes=\"(max-width: 800px) 100vw, 999px\" \/><\/span><\/div><\/div><div class=\"fusion-clearfix\"><\/div><\/div><\/div><\/div><\/div><div class=\"fusion-fullwidth fullwidth-box fusion-builder-row-4 nonhundred-percent-fullwidth non-hundred-percent-height-scrolling\" style=\"--awb-border-radius-top-left:0px;--awb-border-radius-top-right:0px;--awb-border-radius-bottom-right:0px;--awb-border-radius-bottom-left:0px;--awb-flex-wrap:wrap;\" ><div class=\"fusion-builder-row fusion-row\"><div class=\"fusion-layout-column fusion_builder_column fusion-builder-column-3 fusion_builder_column_1_1 1_1 fusion-one-full fusion-column-first fusion-column-last\" style=\"--awb-bg-size:cover;\"><div class=\"fusion-column-wrapper fusion-column-has-shadow fusion-flex-column-wrapper-legacy\"><div class=\"fusion-title title fusion-title-4 fusion-title-center fusion-title-text fusion-title-size-one\" style=\"--awb-text-color:#393536;\"><div class=\"title-sep-container title-sep-container-left\"><div class=\"title-sep sep-double sep-solid\" style=\"border-color:#e2e2e2;\"><\/div><\/div><span class=\"awb-title-spacer\"><\/span><h1 class=\"fusion-title-heading title-heading-center\" style=\"margin:0;\">M\u00f6glichkeiten der Zusammenarbeit<\/h1><span class=\"awb-title-spacer\"><\/span><div class=\"title-sep-container title-sep-container-right\"><div class=\"title-sep sep-double sep-solid\" style=\"border-color:#e2e2e2;\"><\/div><\/div><\/div><div class=\"fusion-text fusion-text-3\"><p><strong>Tourism Boards &amp; Reisedienstleister<br \/>\n<\/strong>Wenn ihre Dienstleistung oder ihr Produkt zu mir und meiner Leserschaft passt, nehme ich gerne an Ihrer Blogger- bzw. individuellen Recherche-Reise teil und verfasse einen ausf\u00fchrlichen Artikel, erstelle Video und Fotomaterial oder werde Teil Ihrer Content Marketing Strategie.<\/p>\n<p><strong>Gastartikel &amp; Interviews<br \/>\n<\/strong>Es ist mein Ziel, meinen Leser kontinuierlich einen Mehrwert an Inspiration und Information zu liefern. Aus diesem Grund inkludiere ich auch thematisch passende Gastartikel, Sponsored Posts und Interviews mit entsprechender Verlinkung und Kennzeichnung. Ich freue mich auch immer \u00fcber thematisch passenden Gastartikel von Bloggern.<\/p>\n<p><strong>Content Creation<br \/>\n<\/strong>Durch meine jahrelange Reiseerfahrung und Arbeit in der internationalen Tourismusmarketing Branche, erstelle ich zielgruppengerechten unique content verschiedenster Themen f\u00fcr Ihre Website, ihren Corporate Blog oder Ihren Kunden.<\/p>\n<\/div><div class=\"fusion-clearfix\"><\/div><\/div><\/div><\/div><\/div><div class=\"fusion-fullwidth fullwidth-box fusion-builder-row-5 nonhundred-percent-fullwidth non-hundred-percent-height-scrolling\" style=\"--awb-border-radius-top-left:0px;--awb-border-radius-top-right:0px;--awb-border-radius-bottom-right:0px;--awb-border-radius-bottom-left:0px;--awb-margin-top:6px;--awb-flex-wrap:wrap;\" ><div class=\"fusion-builder-row fusion-row\"><div class=\"fusion-layout-column fusion_builder_column fusion-builder-column-4 fusion_builder_column_1_1 1_1 fusion-one-full fusion-column-first fusion-column-last\" style=\"--awb-bg-size:cover;\"><div class=\"fusion-column-wrapper fusion-column-has-shadow fusion-flex-column-wrapper-legacy\"><div class=\"fusion-title title fusion-title-5 fusion-title-center fusion-title-text fusion-title-size-one\" style=\"--awb-text-color:#393536;\"><div class=\"title-sep-container title-sep-container-left\"><div class=\"title-sep sep-double sep-solid\" style=\"border-color:#e2e2e2;\"><\/div><\/div><span class=\"awb-title-spacer\"><\/span><h1 class=\"fusion-title-heading title-heading-center\" style=\"margin:0;\">Als Speaker &amp; Consultant<\/h1><span class=\"awb-title-spacer\"><\/span><div class=\"title-sep-container title-sep-container-right\"><div class=\"title-sep sep-double sep-solid\" style=\"border-color:#e2e2e2;\"><\/div><\/div><\/div><div class=\"fusion-text fusion-text-4\"><p><strong>Speaker f\u00fcr Vortr\u00e4ge &amp; Workshops<br \/>\n<\/strong>Sie ben\u00f6tigen einen Speaker f\u00fcr Ihre Veranstaltung, der Ihren G\u00e4sten, Mitarbeitern oder Teilnehmern n\u00fctzliche Informationen, Inspiration und Interaktion bietet? In meinem Portfolio biete ich Vortr\u00e4ge zu folgenden Themen, oder gestalte einen Vortrag nach Ihren Vorgaben.<\/p>\n<p><strong>\u2013\u00a0<em>Reisevortr\u00e4ge<\/em><\/strong><\/p>\n<ul>\n<li>Buchvortrag:\u00a0Abenteuer Donauradweg \u2013 <a href=\"https:\/\/www.traveltelling.net\/de\/e-book-radfahren-radreise-suedosteuropa-donauradweg-eurovelo-6\/\">Mit dem Fahrrad nach Rum\u00e4nien<\/a><\/li>\n<\/ul>\n<p><strong>\u2013\u00a0<em>Fachvortr\u00e4ge<\/em><\/strong><\/p>\n<ul>\n<li>Online-Marketing, SEO und Social Media f\u00fcr Touristiker<\/li>\n<li>Blogger Relations &amp; Influencer Marketing im Tourismus<\/li>\n<li>Kooperationsmarketing im Radtourismus<\/li>\n<\/ul>\n<p><strong>Online-Marketing Beratung f\u00fcr Touristiker<br \/>\n<\/strong>Seminare und Beratungen zu den Themen:<\/p>\n<ul>\n<li>Website-Optimierung, SEO, SEA<\/li>\n<li>Social Media Management<\/li>\n<li>Content Marketing<\/li>\n<li>Blogger-Relations<\/li>\n<\/ul>\n<\/div><div class=\"fusion-clearfix\"><\/div><\/div><\/div><\/div><\/div><div class=\"fusion-fullwidth fullwidth-box fusion-builder-row-6 nonhundred-percent-fullwidth non-hundred-percent-height-scrolling\" style=\"--awb-border-radius-top-left:0px;--awb-border-radius-top-right:0px;--awb-border-radius-bottom-right:0px;--awb-border-radius-bottom-left:0px;--awb-margin-bottom:4px;--awb-flex-wrap:wrap;\" ><div class=\"fusion-builder-row fusion-row\"><div class=\"fusion-layout-column fusion_builder_column fusion-builder-column-5 fusion_builder_column_1_1 1_1 fusion-one-full fusion-column-first fusion-column-last\" style=\"--awb-bg-size:cover;\"><div class=\"fusion-column-wrapper fusion-column-has-shadow fusion-flex-column-wrapper-legacy\"><div class=\"fusion-title title fusion-title-6 fusion-title-center fusion-title-text fusion-title-size-one\" style=\"--awb-text-color:#393536;\"><div class=\"title-sep-container title-sep-container-left\"><div class=\"title-sep sep-double sep-solid\" style=\"border-color:#e2e2e2;\"><\/div><\/div><span class=\"awb-title-spacer\"><\/span><h1 class=\"fusion-title-heading title-heading-center\" style=\"margin:0;\">MediaKit<\/h1><span class=\"awb-title-spacer\"><\/span><div class=\"title-sep-container title-sep-container-right\"><div class=\"title-sep sep-double sep-solid\" style=\"border-color:#e2e2e2;\"><\/div><\/div><\/div><div class=\"fusion-clearfix\"><\/div><\/div><\/div><div class=\"fusion-layout-column fusion_builder_column fusion-builder-column-6 fusion_builder_column_1_2 1_2 fusion-one-half fusion-column-first\" style=\"--awb-bg-size:cover;width:50%;width:calc(50% - ( ( 4% ) * 0.5 ) );margin-right: 4%;\"><div class=\"fusion-column-wrapper fusion-column-has-shadow fusion-flex-column-wrapper-legacy\"><div class=\"fusion-aligncenter\"><a class=\"fusion-button button-flat button-xlarge button-custom fusion-button-default button-1 fusion-button-default-span fusion-button-default-type\" style=\"--button_accent_color:#ffffff;--button_accent_hover_color:#ffffff;--button_border_hover_color:#ffffff;--button_gradient_top_color:#393536;--button_gradient_bottom_color:#393536;--button_gradient_top_color_hover:#34b99d;--button_gradient_bottom_color_hover:#34b99d;\" target=\"_self\" title=\"MediaKit\" aria-label=\"MediaKit\" href=\"https:\/\/www.traveltelling.net\/en\/mediakit-traveltelling-de-2\/\"><span class=\"fusion-button-text awb-button__text awb-button__text--default\">MediaKit (deutsch)<\/span><\/a><\/div><div class=\"fusion-clearfix\"><\/div><\/div><\/div><div class=\"fusion-layout-column fusion_builder_column fusion-builder-column-7 fusion_builder_column_1_2 1_2 fusion-one-half fusion-column-last\" style=\"--awb-bg-size:cover;width:50%;width:calc(50% - ( ( 4% ) * 0.5 ) );\"><div class=\"fusion-column-wrapper fusion-column-has-shadow fusion-flex-column-wrapper-legacy\"><div class=\"fusion-aligncenter\"><a class=\"fusion-button button-flat button-xlarge button-custom fusion-button-default button-2 fusion-button-default-span fusion-button-default-type\" style=\"--button_accent_color:#ffffff;--button_accent_hover_color:#ffffff;--button_border_hover_color:#ffffff;--button_gradient_top_color:#393536;--button_gradient_bottom_color:#393536;--button_gradient_top_color_hover:#34b99d;--button_gradient_bottom_color_hover:#34b99d;\" target=\"_self\" title=\"MediaKIt 2020\" aria-label=\"MediaKIt 2020\" href=\"https:\/\/www.traveltelling.net\/de\/mediakit-traveltelling-en\/\"><span class=\"fusion-button-text awb-button__text awb-button__text--default\">MediaKit (english)<\/span><\/a><\/div><div class=\"fusion-clearfix\"><\/div><\/div><\/div><div class=\"fusion-layout-column fusion_builder_column fusion-builder-column-8 fusion_builder_column_1_1 1_1 fusion-one-full fusion-column-first fusion-column-last\" style=\"--awb-bg-size:cover;\"><div class=\"fusion-column-wrapper fusion-column-has-shadow fusion-flex-column-wrapper-legacy\"><div class=\"fusion-aligncenter\"><a class=\"fusion-button button-flat button-xlarge button-custom fusion-button-default button-3 fusion-button-default-span fusion-button-default-type fusion-has-button-gradient\" style=\"--button_accent_color:#ffffff;--button_accent_hover_color:#ffffff;--button_border_hover_color:#ffffff;--button_gradient_top_color:#393536;--button_gradient_bottom_color:#34b99d;--button_gradient_top_color_hover:#34b99d;--button_gradient_bottom_color_hover:#34b99d;\" target=\"_self\" title=\"E-Mail\" aria-label=\"E-Mail\" href=\"mailto:matthias.derhake@gmail.com\"><span class=\"fusion-button-text awb-button__text awb-button__text--default\">Schreib mir eine E-Mail<\/span><\/a><\/div><div class=\"fusion-clearfix\"><\/div><\/div><\/div><\/div><\/div><\/p>\n","protected":false},"excerpt":{"rendered":"","protected":false},"author":4,"featured_media":0,"parent":0,"menu_order":0,"comment_status":"closed","ping_status":"open","template":"","meta":{"footnotes":""},"class_list":["post-3661","page","type-page","status-publish","hentry"],"yoast_head":"<!-- This site is optimized with the Yoast SEO plugin v27.0 - https:\/\/yoast.com\/product\/yoast-seo-wordpress\/ -->\n<title>Kooperationsm\u00f6glichkeiten: Zusammenarbeit mit Reiseblog TravelTelling<\/title>\n<meta name=\"description\" content=\"Arbeiten Sie mit Reisebloggern, um Ihre Kampagne authentisch und eindrucksvoll zu bewerben. Hier geht es zu den Kooperationsm\u00f6glichkeiten.\" \/>\n<meta name=\"robots\" content=\"index, follow, max-snippet:-1, max-image-preview:large, max-video-preview:-1\" \/>\n<link rel=\"canonical\" href=\"https:\/\/www.traveltelling.net\/de\/kooperation\/\" \/>\n<meta property=\"og:locale\" content=\"de_DE\" \/>\n<meta property=\"og:type\" content=\"article\" \/>\n<meta property=\"og:title\" content=\"Kooperationsm\u00f6glichkeiten: Zusammenarbeit mit Reiseblog TravelTelling\" \/>\n<meta property=\"og:description\" content=\"Arbeiten Sie mit Reisebloggern, um Ihre Kampagne authentisch und eindrucksvoll zu bewerben. Hier geht es zu den Kooperationsm\u00f6glichkeiten.\" \/>\n<meta property=\"og:url\" content=\"https:\/\/www.traveltelling.net\/de\/kooperation\/\" \/>\n<meta property=\"og:site_name\" content=\"TravelTelling\" \/>\n<meta property=\"article:publisher\" content=\"https:\/\/www.facebook.com\/traveltelling\" \/>\n<meta property=\"article:modified_time\" content=\"2025-08-13T09:58:08+00:00\" \/>\n<meta name=\"twitter:card\" content=\"summary_large_image\" \/>\n<meta name=\"twitter:site\" content=\"@traveltelling\" \/>\n<meta name=\"twitter:label1\" content=\"Gesch\u00e4tzte Lesezeit\" \/>\n\t<meta name=\"twitter:data1\" content=\"3\u00a0Minuten\" \/>\n<script type=\"application\/ld+json\" class=\"yoast-schema-graph\">{\"@context\":\"https:\/\/schema.org\",\"@graph\":[{\"@type\":\"WebPage\",\"@id\":\"https:\/\/www.traveltelling.net\/de\/kooperation\/\",\"url\":\"https:\/\/www.traveltelling.net\/de\/kooperation\/\",\"name\":\"Kooperationsm\u00f6glichkeiten: Zusammenarbeit mit Reiseblog TravelTelling\",\"isPartOf\":{\"@id\":\"https:\/\/www.traveltelling.net\/de\/#website\"},\"datePublished\":\"2015-07-27T07:05:27+00:00\",\"dateModified\":\"2025-08-13T09:58:08+00:00\",\"description\":\"Arbeiten Sie mit Reisebloggern, um Ihre Kampagne authentisch und eindrucksvoll zu bewerben. Hier geht es zu den Kooperationsm\u00f6glichkeiten.\",\"breadcrumb\":{\"@id\":\"https:\/\/www.traveltelling.net\/de\/kooperation\/#breadcrumb\"},\"inLanguage\":\"de\",\"potentialAction\":[{\"@type\":\"ReadAction\",\"target\":[\"https:\/\/www.traveltelling.net\/de\/kooperation\/\"]}]},{\"@type\":\"BreadcrumbList\",\"@id\":\"https:\/\/www.traveltelling.net\/de\/kooperation\/#breadcrumb\",\"itemListElement\":[{\"@type\":\"ListItem\",\"position\":1,\"name\":\"Startseite\",\"item\":\"https:\/\/www.traveltelling.net\/de\/\"},{\"@type\":\"ListItem\",\"position\":2,\"name\":\"Arbeite mit mir\"}]},{\"@type\":\"WebSite\",\"@id\":\"https:\/\/www.traveltelling.net\/de\/#website\",\"url\":\"https:\/\/www.traveltelling.net\/de\/\",\"name\":\"TravelTelling\",\"description\":\"Reiseberichte | Abenteuer | SlowTravel\",\"potentialAction\":[{\"@type\":\"SearchAction\",\"target\":{\"@type\":\"EntryPoint\",\"urlTemplate\":\"https:\/\/www.traveltelling.net\/de\/?s={search_term_string}\"},\"query-input\":{\"@type\":\"PropertyValueSpecification\",\"valueRequired\":true,\"valueName\":\"search_term_string\"}}],\"inLanguage\":\"de\"}]}<\/script>\n<!-- \/ Yoast SEO plugin. -->","yoast_head_json":{"title":"Kooperationsm\u00f6glichkeiten: Zusammenarbeit mit Reiseblog TravelTelling","description":"Arbeiten Sie mit Reisebloggern, um Ihre Kampagne authentisch und eindrucksvoll zu bewerben. Hier geht es zu den Kooperationsm\u00f6glichkeiten.","robots":{"index":"index","follow":"follow","max-snippet":"max-snippet:-1","max-image-preview":"max-image-preview:large","max-video-preview":"max-video-preview:-1"},"canonical":"https:\/\/www.traveltelling.net\/de\/kooperation\/","og_locale":"de_DE","og_type":"article","og_title":"Kooperationsm\u00f6glichkeiten: Zusammenarbeit mit Reiseblog TravelTelling","og_description":"Arbeiten Sie mit Reisebloggern, um Ihre Kampagne authentisch und eindrucksvoll zu bewerben. Hier geht es zu den Kooperationsm\u00f6glichkeiten.","og_url":"https:\/\/www.traveltelling.net\/de\/kooperation\/","og_site_name":"TravelTelling","article_publisher":"https:\/\/www.facebook.com\/traveltelling","article_modified_time":"2025-08-13T09:58:08+00:00","twitter_card":"summary_large_image","twitter_site":"@traveltelling","twitter_misc":{"Gesch\u00e4tzte Lesezeit":"3\u00a0Minuten"},"schema":{"@context":"https:\/\/schema.org","@graph":[{"@type":"WebPage","@id":"https:\/\/www.traveltelling.net\/de\/kooperation\/","url":"https:\/\/www.traveltelling.net\/de\/kooperation\/","name":"Kooperationsm\u00f6glichkeiten: Zusammenarbeit mit Reiseblog TravelTelling","isPartOf":{"@id":"https:\/\/www.traveltelling.net\/de\/#website"},"datePublished":"2015-07-27T07:05:27+00:00","dateModified":"2025-08-13T09:58:08+00:00","description":"Arbeiten Sie mit Reisebloggern, um Ihre Kampagne authentisch und eindrucksvoll zu bewerben. Hier geht es zu den Kooperationsm\u00f6glichkeiten.","breadcrumb":{"@id":"https:\/\/www.traveltelling.net\/de\/kooperation\/#breadcrumb"},"inLanguage":"de","potentialAction":[{"@type":"ReadAction","target":["https:\/\/www.traveltelling.net\/de\/kooperation\/"]}]},{"@type":"BreadcrumbList","@id":"https:\/\/www.traveltelling.net\/de\/kooperation\/#breadcrumb","itemListElement":[{"@type":"ListItem","position":1,"name":"Startseite","item":"https:\/\/www.traveltelling.net\/de\/"},{"@type":"ListItem","position":2,"name":"Arbeite mit mir"}]},{"@type":"WebSite","@id":"https:\/\/www.traveltelling.net\/de\/#website","url":"https:\/\/www.traveltelling.net\/de\/","name":"TravelTelling","description":"Reiseberichte | Abenteuer | SlowTravel","potentialAction":[{"@type":"SearchAction","target":{"@type":"EntryPoint","urlTemplate":"https:\/\/www.traveltelling.net\/de\/?s={search_term_string}"},"query-input":{"@type":"PropertyValueSpecification","valueRequired":true,"valueName":"search_term_string"}}],"inLanguage":"de"}]}},"_links":{"self":[{"href":"https:\/\/www.traveltelling.net\/de\/wp-json\/wp\/v2\/pages\/3661","targetHints":{"allow":["GET"]}}],"collection":[{"href":"https:\/\/www.traveltelling.net\/de\/wp-json\/wp\/v2\/pages"}],"about":[{"href":"https:\/\/www.traveltelling.net\/de\/wp-json\/wp\/v2\/types\/page"}],"author":[{"embeddable":true,"href":"https:\/\/www.traveltelling.net\/de\/wp-json\/wp\/v2\/users\/4"}],"replies":[{"embeddable":true,"href":"https:\/\/www.traveltelling.net\/de\/wp-json\/wp\/v2\/comments?post=3661"}],"version-history":[{"count":3,"href":"https:\/\/www.traveltelling.net\/de\/wp-json\/wp\/v2\/pages\/3661\/revisions"}],"predecessor-version":[{"id":20480,"href":"https:\/\/www.traveltelling.net\/de\/wp-json\/wp\/v2\/pages\/3661\/revisions\/20480"}],"wp:attachment":[{"href":"https:\/\/www.traveltelling.net\/de\/wp-json\/wp\/v2\/media?parent=3661"}],"curies":[{"name":"wp","href":"https:\/\/api.w.org\/{rel}","templated":true}]}}